{"id":10,"date":"2018-11-12T13:09:21","date_gmt":"2018-11-12T12:09:21","guid":{"rendered":"http:\/\/dellmour.at\/biosain.at\/wordpress-4.1.1-de_DE\/wordpress\/?page_id=10"},"modified":"2025-01-13T15:11:47","modified_gmt":"2025-01-13T14:11:47","slug":"impressum","status":"publish","type":"page","link":"https:\/\/biosain.at\/?page_id=10","title":{"rendered":"Impressum"},"content":{"rendered":"<h1>Impressum<\/h1>\n<p>Wir arbeiten immer an unserem Ausbau und suchen Menschen, die uns<br \/>\nunterst\u00fctzen. Falls ihr etwas beitragen wollt &#8211; bitte meldet Euch bei uns!<\/p>\n<hr \/>\n<p><strong>BIOsain<\/strong> ist verantwortlich f\u00fcr den Inhalt der Webpage www.biosain.com<\/p>\n<p><strong>Webgestaltung &amp; Fotos:<\/strong> Julia Wesely, <a href=\"www.julia-wesely.com\">www.julia-wesely.com<\/a><br \/>\n<strong>Programmierung:<\/strong> Vera DellMour<\/p>\n<hr \/>\n<p><strong>GESCH\u00c4FTSHINWEIS:<\/strong><br \/>\nBIOsain<br \/>\nTRISTAN TOE<br \/>\nAm Wachtberg 78<br \/>\n3571 Gars \/ Thunau am Kamp<br \/>\nWaldviertel<\/p>\n<p><strong>Unternehmensgegenstand:<\/strong><br \/>\nGesellschaft B\u00fcrgerlichen Rechts<\/p>\n<p>0680 321 65 21 \/ ttoe@hotmail.fr<br \/>\nMitgliedschaft bei der Wirtschaftskammer N\u00d6<\/p>\n<p>Viele interessante Informationen zu einzelnen Kulturen und Sortenvielfalt finden sie in dem Handbuch Bio-Gem\u00fcse. Sortenvielfalt f\u00fcr den eigenen Garten von Andrea Heistinger und Arche Noah sowie in B\u00fcchern und Texten des Vereines Kokopelli<\/p>\n","protected":false},"excerpt":{"rendered":"<p>Impressum Wir arbeiten immer an unserem Ausbau und suchen Menschen, die uns unterst\u00fctzen. Falls ihr etwas beitragen wollt &#8211; bitte meldet Euch bei uns! BIOsain ist verantwortlich f\u00fcr den Inhalt der Webpage www.biosain.com Webgestaltung &amp; Fotos: Julia Wesely, www.julia-wesely.com Programmierung: Vera DellMour GESCH\u00c4FTSHINWEIS: BIOsain TRISTAN TOE Am Wachtberg 78 3571 Gars \/ Thunau am Kamp&nbsp; <a class=\"moretag\" href=\"https:\/\/biosain.at\/?page_id=10\"> mehr lesen&#8230;<\/a><\/p>\n","protected":false},"author":1,"featured_media":0,"parent":0,"menu_order":198,"comment_status":"closed","ping_status":"closed","template":"simple.php","meta":{"footnotes":"","_links_to":"","_links_to_target":""},"categories":[],"tags":[],"class_list":["post-10","page","type-page","status-publish","hentry"],"_links":{"self":[{"href":"https:\/\/biosain.at\/index.php?rest_route=\/wp\/v2\/pages\/10","targetHints":{"allow":["GET"]}}],"collection":[{"href":"https:\/\/biosain.at\/index.php?rest_route=\/wp\/v2\/pages"}],"about":[{"href":"https:\/\/biosain.at\/index.php?rest_route=\/wp\/v2\/types\/page"}],"author":[{"embeddable":true,"href":"https:\/\/biosain.at\/index.php?rest_route=\/wp\/v2\/users\/1"}],"replies":[{"embeddable":true,"href":"https:\/\/biosain.at\/index.php?rest_route=%2Fwp%2Fv2%2Fcomments&post=10"}],"version-history":[{"count":5,"href":"https:\/\/biosain.at\/index.php?rest_route=\/wp\/v2\/pages\/10\/revisions"}],"predecessor-version":[{"id":2737,"href":"https:\/\/biosain.at\/index.php?rest_route=\/wp\/v2\/pages\/10\/revisions\/2737"}],"wp:attachment":[{"href":"https:\/\/biosain.at\/index.php?rest_route=%2Fwp%2Fv2%2Fmedia&parent=10"}],"wp:term":[{"taxonomy":"category","embeddable":true,"href":"https:\/\/biosain.at\/index.php?rest_route=%2Fwp%2Fv2%2Fcategories&post=10"},{"taxonomy":"post_tag","embeddable":true,"href":"https:\/\/biosain.at\/index.php?rest_route=%2Fwp%2Fv2%2Ftags&post=10"}],"curies":[{"name":"wp","href":"https:\/\/api.w.org\/{rel}","templated":true}]}}