{"id":1055,"date":"2015-09-21T15:32:57","date_gmt":"2015-09-21T13:32:57","guid":{"rendered":"http:\/\/biosain.at\/?page_id=1055"},"modified":"2015-09-21T15:32:57","modified_gmt":"2015-09-21T13:32:57","slug":"herbstlich","status":"publish","type":"page","link":"https:\/\/biosain.at\/?page_id=1055","title":{"rendered":"Herbstlich"},"content":{"rendered":"<p>Rechtzeitig vor dem K\u00e4lteeinbruch haben wir begonnen einige Gew\u00e4chshauskulturen zu r\u00e4umen um f\u00fcrs Wintergem\u00fcse Platz zu machen- Asiagem\u00fcse, Babyleafs, Karotten&#8230; machen sichs also ab jetzt vermehrt im Gew\u00e4chshaus gem\u00fctlich. Bei einigen Kulturen beginnt nun auch wieder das t\u00e4gliche ab- und aufdeck- Ritual um die Pflanzen vor der n\u00e4chtlichen K\u00e4lte etwas zu sch\u00fctzen.<\/p>\n<p>Ein gro\u00dfer Teil der Samenernte ist auch schon getan -der angenehmste und lustigste Teil dieser Arbeit sind die Verkostungen um das wohlschmeckendste Elitesaatgut zu selektieren.<\/p>\n<p>F\u00fcr mich pers\u00f6nlich (Jahwezi) ist diese Jahreszeit immer ein besonderes Geschenk- einerseits gibt es immer noch so viel Sommergem\u00fcse und andererseits aber auch schon die \u00fcppige herbstliche Vielfalt&#8230;<\/p>\n","protected":false},"excerpt":{"rendered":"<p>Rechtzeitig vor dem K\u00e4lteeinbruch haben wir begonnen einige Gew\u00e4chshauskulturen zu r\u00e4umen um f\u00fcrs Wintergem\u00fcse Platz zu machen- Asiagem\u00fcse, Babyleafs, Karotten&#8230; machen sichs also ab jetzt vermehrt im Gew\u00e4chshaus gem\u00fctlich. Bei einigen Kulturen beginnt nun auch wieder das t\u00e4gliche ab- und aufdeck- Ritual um die Pflanzen vor der n\u00e4chtlichen K\u00e4lte etwas zu sch\u00fctzen. Ein gro\u00dfer Teil&nbsp; <a class=\"moretag\" href=\"https:\/\/biosain.at\/?page_id=1055\"> mehr lesen&#8230;<\/a><\/p>\n","protected":false},"author":3,"featured_media":1057,"parent":165,"menu_order":123,"comment_status":"closed","ping_status":"closed","template":"","meta":{"footnotes":"","_links_to":"","_links_to_target":""},"categories":[2],"tags":[],"class_list":["post-1055","page","type-page","status-publish","has-post-thumbnail","hentry","category-news"],"_links":{"self":[{"href":"https:\/\/biosain.at\/index.php?rest_route=\/wp\/v2\/pages\/1055","targetHints":{"allow":["GET"]}}],"collection":[{"href":"https:\/\/biosain.at\/index.php?rest_route=\/wp\/v2\/pages"}],"about":[{"href":"https:\/\/biosain.at\/index.php?rest_route=\/wp\/v2\/types\/page"}],"author":[{"embeddable":true,"href":"https:\/\/biosain.at\/index.php?rest_route=\/wp\/v2\/users\/3"}],"replies":[{"embeddable":true,"href":"https:\/\/biosain.at\/index.php?rest_route=%2Fwp%2Fv2%2Fcomments&post=1055"}],"version-history":[{"count":1,"href":"https:\/\/biosain.at\/index.php?rest_route=\/wp\/v2\/pages\/1055\/revisions"}],"predecessor-version":[{"id":1058,"href":"https:\/\/biosain.at\/index.php?rest_route=\/wp\/v2\/pages\/1055\/revisions\/1058"}],"up":[{"embeddable":true,"href":"https:\/\/biosain.at\/index.php?rest_route=\/wp\/v2\/pages\/165"}],"wp:featuredmedia":[{"embeddable":true,"href":"https:\/\/biosain.at\/index.php?rest_route=\/wp\/v2\/media\/1057"}],"wp:attachment":[{"href":"https:\/\/biosain.at\/index.php?rest_route=%2Fwp%2Fv2%2Fmedia&parent=1055"}],"wp:term":[{"taxonomy":"category","embeddable":true,"href":"https:\/\/biosain.at\/index.php?rest_route=%2Fwp%2Fv2%2Fcategories&post=1055"},{"taxonomy":"post_tag","embeddable":true,"href":"https:\/\/biosain.at\/index.php?rest_route=%2Fwp%2Fv2%2Ftags&post=1055"}],"curies":[{"name":"wp","href":"https:\/\/api.w.org\/{rel}","templated":true}]}}