{"id":1139,"date":"2016-02-04T01:30:41","date_gmt":"2016-02-04T00:30:41","guid":{"rendered":"http:\/\/biosain.at\/?page_id=1139"},"modified":"2016-02-04T01:33:04","modified_gmt":"2016-02-04T00:33:04","slug":"februar","status":"publish","type":"page","link":"https:\/\/biosain.at\/?page_id=1139","title":{"rendered":"Februar"},"content":{"rendered":"<div class=\"entry-content\">\n<div class=\"entry-content\">\n<div class=\"entry-content\">Es gibt immer so viel zu tun- dass wir leider mit der Aktualisierung der Seite oft etwas hinterherhinken.<\/div>\n<div class=\"entry-content\">Wir sind derzeitig am Anbauplan erstellen, beginnen mit dem Vorziehen und sind fest am Planen. Dabei steht f\u00fcr uns fest dass nicht der Betrieb viel weiterwachsen soll sondern wir an dieser Landwirtschaft und allen voran die Pflanzen in einem gesunden Kontext.<\/div>\n<div class=\"entry-content\">Wir waren in dem letzten Jahr stark damit besch\u00e4ftigt die Basisstrukturen f\u00fcr den Anbau zu schaffen (da gibt es etwa Fotos von dem neu aufgebauten Tunnel)<\/div>\n<div class=\"entry-content\">&#8211; jetzt wollen wir uns daran machen die gesamten Prozesse zu verfeinern und sinnvolle Kreislaufsysteme zu schaffen- das geht gl\u00fccklicherweise nicht von heute auf morgen- denn somit k\u00f6nnen und m\u00fcssen wir weiterhin genau beobachten, achtsam sein und lernen.<\/div>\n<\/div>\n<div class=\"entry-content\">Wir freuen sehr \u00fcber einen kleinen Versuch der (dank des milden Winters) sehr gut geklappt hat- wir haben einige Pastinaken und Petersilwurzeln am Feld \u00fcberwintert- und sie sind wundersch\u00f6n geblieben und geworden- sodass auch das Putzen und Sortieren richtig Freude macht.<\/div>\n<div class=\"entry-content\">Auch die ganzen verschieden Erd\u00e4pfelrarit\u00e4ten haben bis jetzt nicht an Geschmackt und Sch\u00f6nheit verloren.<\/div>\n<\/div>\n","protected":false},"excerpt":{"rendered":"<p>Es gibt immer so viel zu tun- dass wir leider mit der Aktualisierung der Seite oft etwas hinterherhinken. Wir sind derzeitig am Anbauplan erstellen, beginnen mit dem Vorziehen und sind fest am Planen. Dabei steht f\u00fcr uns fest dass nicht der Betrieb viel weiterwachsen soll sondern wir an dieser Landwirtschaft und allen voran die Pflanzen&nbsp; <a class=\"moretag\" href=\"https:\/\/biosain.at\/?page_id=1139\"> mehr lesen&#8230;<\/a><\/p>\n","protected":false},"author":3,"featured_media":514,"parent":165,"menu_order":154,"comment_status":"closed","ping_status":"closed","template":"","meta":{"footnotes":"","_links_to":"","_links_to_target":""},"categories":[2],"tags":[],"class_list":["post-1139","page","type-page","status-publish","has-post-thumbnail","hentry","category-news"],"_links":{"self":[{"href":"https:\/\/biosain.at\/index.php?rest_route=\/wp\/v2\/pages\/1139","targetHints":{"allow":["GET"]}}],"collection":[{"href":"https:\/\/biosain.at\/index.php?rest_route=\/wp\/v2\/pages"}],"about":[{"href":"https:\/\/biosain.at\/index.php?rest_route=\/wp\/v2\/types\/page"}],"author":[{"embeddable":true,"href":"https:\/\/biosain.at\/index.php?rest_route=\/wp\/v2\/users\/3"}],"replies":[{"embeddable":true,"href":"https:\/\/biosain.at\/index.php?rest_route=%2Fwp%2Fv2%2Fcomments&post=1139"}],"version-history":[{"count":3,"href":"https:\/\/biosain.at\/index.php?rest_route=\/wp\/v2\/pages\/1139\/revisions"}],"predecessor-version":[{"id":1142,"href":"https:\/\/biosain.at\/index.php?rest_route=\/wp\/v2\/pages\/1139\/revisions\/1142"}],"up":[{"embeddable":true,"href":"https:\/\/biosain.at\/index.php?rest_route=\/wp\/v2\/pages\/165"}],"wp:featuredmedia":[{"embeddable":true,"href":"https:\/\/biosain.at\/index.php?rest_route=\/wp\/v2\/media\/514"}],"wp:attachment":[{"href":"https:\/\/biosain.at\/index.php?rest_route=%2Fwp%2Fv2%2Fmedia&parent=1139"}],"wp:term":[{"taxonomy":"category","embeddable":true,"href":"https:\/\/biosain.at\/index.php?rest_route=%2Fwp%2Fv2%2Fcategories&post=1139"},{"taxonomy":"post_tag","embeddable":true,"href":"https:\/\/biosain.at\/index.php?rest_route=%2Fwp%2Fv2%2Ftags&post=1139"}],"curies":[{"name":"wp","href":"https:\/\/api.w.org\/{rel}","templated":true}]}}