{"id":119,"date":"2015-03-18T21:40:22","date_gmt":"2015-03-18T20:40:22","guid":{"rendered":"http:\/\/dellmour.at\/biosain.at\/wordpress-4.1.1-de_DE\/wordpress\/?page_id=119"},"modified":"2026-03-27T00:01:51","modified_gmt":"2026-03-26T23:01:51","slug":"visionen","status":"publish","type":"page","link":"https:\/\/biosain.at\/?page_id=119","title":{"rendered":"BIOsain"},"content":{"rendered":"\n<h1 class=\"wp-block-heading\">BIOsain<\/h1>\n\n\n\n<p>Die Vielfalts-Marktg\u00e4rtnerei mit den Schwerpunkten &#8211; lebendige B\u00f6den und samenfestes, geschmackvolles und vitales Gem\u00fcse.<\/p>\n\n\n\n<h2 class=\"wp-block-heading\"><strong>Wir<\/strong><\/h2>\n\n\n\n<figure class=\"wp-block-image size-large\"><img loading=\"lazy\" decoding=\"async\" width=\"1024\" height=\"682\" src=\"https:\/\/biosain.at\/wp-content\/uploads\/2025\/01\/image-1024x682.png\" alt=\"\" class=\"wp-image-2743\" srcset=\"https:\/\/biosain.at\/wp-content\/uploads\/2025\/01\/image-1024x682.png 1024w, https:\/\/biosain.at\/wp-content\/uploads\/2025\/01\/image-300x200.png 300w, https:\/\/biosain.at\/wp-content\/uploads\/2025\/01\/image-768x512.png 768w, https:\/\/biosain.at\/wp-content\/uploads\/2025\/01\/image-1536x1024.png 1536w, https:\/\/biosain.at\/wp-content\/uploads\/2025\/01\/image.png 1772w\" sizes=\"auto, (max-width: 1024px) 100vw, 1024px\" \/><\/figure>\n\n\n\n<p>Wir, Tristan To\u00e9,&nbsp;Jahwezi Graf, die&nbsp;Familie, sowie viele liebe Freund*innen, Freiwillige, Praktikant*innen und nicht zu vergessen all die aktiven Kompost- und Regenw\u00fcrmer, Pilze, Bakterien&nbsp;wie auch&nbsp;andere N\u00fctzlinge arbeiten gemeinsam im biologischen Gem\u00fcsebau am Wachtberg.<\/p>\n\n\n\n<p>Bereits seit 2011 betreiben wir biologischen und vorwiegend h\u00e4ndischen Gem\u00fcsebau und versorgen zirka 90 Haushalte mit gesundem, hochwertigem und vielf\u00e4ltigem Gem\u00fcse. Das zu erm\u00f6glichen bedarf eines gesunden und intakten Umfeldes und \u00d6kosystems. Deshalb setzten wir seit Beginn unsere Schwerpunkte auf gesunde B\u00f6den, Vielfalt und vitales, samenfestes Gem\u00fcse das wir auch weitervermehren.<\/p>\n\n\n\n<h2 class=\"wp-block-heading\"><strong>Arbeitsweise und Ziele<\/strong><\/h2>\n\n\n\n<figure class=\"wp-block-image size-large\"><img loading=\"lazy\" decoding=\"async\" width=\"1024\" height=\"683\" src=\"https:\/\/biosain.at\/wp-content\/uploads\/2025\/01\/image-1-1024x683.png\" alt=\"\" class=\"wp-image-2746\" srcset=\"https:\/\/biosain.at\/wp-content\/uploads\/2025\/01\/image-1-1024x683.png 1024w, https:\/\/biosain.at\/wp-content\/uploads\/2025\/01\/image-1-300x200.png 300w, https:\/\/biosain.at\/wp-content\/uploads\/2025\/01\/image-1-768x512.png 768w, https:\/\/biosain.at\/wp-content\/uploads\/2025\/01\/image-1-1536x1025.png 1536w, https:\/\/biosain.at\/wp-content\/uploads\/2025\/01\/image-1.png 1772w\" sizes=\"auto, (max-width: 1024px) 100vw, 1024px\" \/><\/figure>\n\n\n\n<p>Osain ist der Orisha der Pflanzenwelt- insbesondere der Heilkr\u00e4uter- er verleiht den Pflanzen ihre Heilkraft. Wir wollen Gem\u00fcse pflanzen und pflegen, dass \u00fcber solche Kr\u00e4fte verf\u00fcgt und nicht eines, dass sowohl uns wie auch die B\u00f6den vergiftet.<\/p>\n\n\n\n<hr class=\"wp-block-separator has-alpha-channel-opacity\"\/>\n\n\n\n<p>Unser Ziel ist es sowohl betrieblich, als auch dar\u00fcber hinaus, eine Landwirtschaft\/Agrikultur zu schaffen, die f\u00fcr alle Beteiligten gesund und qualit\u00e4tsvoll ist. Vom Boden\/leben, \u00fcber Saatgut, den Pflanzen und ihren Fr\u00fcchten, bis hin zu den B\u00e4uer*innen und den Verbraucher*innen. <\/p>\n\n\n\n<p>Daher kultivieren wir nicht nur vielf\u00e4ltiges, geschmackvolles und vitales Gem\u00fcse, sondern auch Saatgut und Bodenleben. <\/p>\n\n\n\n<p class=\"has-text-align-center\">Samenfeste, biologische Saatgutvermehrung<\/p>\n\n\n\n<p>Um die Qualit\u00e4t und Vielfalt des Gem\u00fcses zu garantieren, arbeiten wir mit samenfesten Sorten, die wir zum Teil selbst vermehren. Unsere Selektions und Z\u00fcchtungskriterien f\u00fcr das Gem\u00fcse sind ihre Standortangepasstheit, Vitalit\u00e4t und ihr Geschmack. Die eigene Saatgutvermehrung und Selektion der Pflanzen erh\u00f6hen die Pflanzengesundheit- und gesunde Pflanzen bringen gesunde\u00a0Nahrungs \u2013 und\u00a0Heilmittel.<\/p>\n\n\n\n<p class=\"has-text-align-center\">Lebendige B\u00f6den<\/p>\n\n\n\n<p>Wir wollen mit der Natur arbeiten\u00a0\u2013\u00a0nicht gegen\u00a0sie. Das bedeutet f\u00fcr uns sorgsam mit dem Boden umzugehen, und Techniken anzwenden die das Bodenleben f\u00f6rdern &#8211; denn nur ein lebendiger Boden ist ein gesunder Boden.<\/p>\n\n\n\n<p class=\"has-text-align-center\">Solawi<\/p>\n\n\n\n<p>Um so arbeiten zu k\u00f6nnen ben\u00f6tigt es auch ein ganzheitliches Vertriebs- bzw. Verteilungskonzept.<\/p>\n\n\n\n<p>Eine gemeinschaftsgetragene Landwirtschaft erm\u00f6glicht Verbraucher*innen und Produzent*innen au\u00dferhalb eines marktwirtschaftlichen Systems \u2013 das zumeist weder fair, gesund noch \u00f6kologisch tragbar ist \u2013 neu in Beziehung zu treten.<\/p>\n\n\n\n<h2 class=\"wp-block-heading\"><strong>Wachtberg<\/strong><\/h2>\n\n\n\n<p>Mit all den Herausforderungen, die dieser Ort bereith\u00e4lt, wie z.B. seiner Bodenbeschaffenheit und Wasserknappheit, wollen wir seine Qualit\u00e4ten nicht missen. Alles hat zumindest zwei Seiten \u2013 gemeinsam mit der hohen Qualit\u00e4t der Arbeit verleihen diese Gegebenheiten dem Gem\u00fcse und Kr\u00e4utern einzigartige St\u00e4rke und Geschmack<\/p>\n\n\n\n<p><strong>Der Platz und die Anfahrt<\/strong><\/p>\n\n\n\n<figure class=\"wp-block-image size-full\"><img loading=\"lazy\" decoding=\"async\" width=\"886\" height=\"591\" src=\"https:\/\/biosain.at\/wp-content\/uploads\/2015\/09\/IMG_50481.jpg\" alt=\"\" class=\"wp-image-1057\" srcset=\"https:\/\/biosain.at\/wp-content\/uploads\/2015\/09\/IMG_50481.jpg 886w, https:\/\/biosain.at\/wp-content\/uploads\/2015\/09\/IMG_50481-300x200.jpg 300w\" sizes=\"auto, (max-width: 886px) 100vw, 886px\" \/><\/figure>\n\n\n\n<p>Von Wien eine gute Stunde entfernt befindet sich der Wachtberg.<\/p>\n\n\n\n<p>Der abgelegene Ort wird seit mehr als 37 Jahren biologisch bewirtschaftet. Seine besondere Lage macht ihn zu einer \u00f6kologischen Insel. Wald und Hecken begrenzen die Felder, die keinen Kunstd\u00fcnger oder Pestizide kennen. W\u00e4hrend Biosain am Wachtberg B\u00f6den und Pflanzen kultiviert -belebt <strong>\u201eKunst in der Natur\u201c<\/strong> durch die Familie Graf den Platz kulturel und k\u00fcnstelerisch<strong>.<\/strong>\u00a0Seit \u00fcber 25 Jahren findet j\u00e4hrlich ein Landart-Symposium statt zudem noch eine feine Auswahl an<strong>\u00a0<\/strong>Ausstellungen, Konzerten und Performances hinzukommt.<\/p>\n\n\n\n<p>Diese spezielle Location steht auf Anfrage auch f\u00fcr Feiern und Seminare zur Verf\u00fcgung.<\/p>\n\n\n\n<p><a href=\"https:\/\/www.kunstindernatur.at\">https:\/\/www.kunstindernatur.at<\/a><\/p>\n\n\n\n<p><strong>Anfahrt<\/strong><\/p>\n\n\n\n<p>Der Autoweg f\u00fchrt von Tautendorf \u00fcber eine Feldstra\u00dfe, \u00fcber Wiesen und W\u00e4lder, an Kunstwerken vorbei, der Kulturst\u00e4tte und zu guter letzt an unseren Schafen und H\u00fchnern zu BIOsain.<\/p>\n\n\n\n<p>Wer das Navi verwendet am Besten Tautendorf 3571 eingeben und sich dann an die Beschilderung von Kunst in der Natur und Biosain halten.<\/p>\n\n\n\n<hr class=\"wp-block-separator has-alpha-channel-opacity\"\/>\n\n\n\n<p><strong>mit dem Zug von Wien:<\/strong><br>Franz-Josef-Bhf in Hadersdorf\/Sigmunsherberg umsteigen in Kamptal in Buchberg aussteigen \u2013 Vorsicht h\u00e4lt nur bei Bedarf, also dr\u00fccken nicht vergessen, sonst Halt;-) in Gars. ca. 1,5km (20-30min) von Buchberger Schloss rechter \u201eBerg\u201c markierte Wanderwege Richtung Tautendorf\/Wachtberg\/Kunst in der Natur.<\/p>\n\n\n\n<p>Von Gars-Thunau Richtung Ruine Schimmelsprung (arch\u00e4ologischen Ausgrabungen = Nachbarh\u00fcgel vom Wachtberg), Kl\u00f6sterl, Wachtberg ca. 2,5km Dauer je nach Wahl der Wanderroute, Tempo und Entdeckungsgeist ca. 40min-\u2026<\/p>\n","protected":false},"excerpt":{"rendered":"<p>BIOsain Die Vielfalts-Marktg\u00e4rtnerei mit den Schwerpunkten &#8211; lebendige B\u00f6den und samenfestes, geschmackvolles und vitales Gem\u00fcse. Wir Wir, Tristan To\u00e9,&nbsp;Jahwezi Graf, die&nbsp;Familie, sowie viele liebe Freund*innen, Freiwillige, Praktikant*innen und nicht zu vergessen all die aktiven Kompost- und Regenw\u00fcrmer, Pilze, Bakterien&nbsp;wie auch&nbsp;andere N\u00fctzlinge arbeiten gemeinsam im biologischen Gem\u00fcsebau am Wachtberg. Bereits seit 2011 betreiben wir biologischen und&nbsp; <a class=\"moretag\" href=\"https:\/\/biosain.at\/?page_id=119\"> mehr lesen&#8230;<\/a><\/p>\n","protected":false},"author":1,"featured_media":2677,"parent":105,"menu_order":161,"comment_status":"closed","ping_status":"closed","template":"simple.php","meta":{"footnotes":"","_links_to":"","_links_to_target":""},"categories":[],"tags":[],"class_list":["post-119","page","type-page","status-publish","has-post-thumbnail","hentry"],"_links":{"self":[{"href":"https:\/\/biosain.at\/index.php?rest_route=\/wp\/v2\/pages\/119","targetHints":{"allow":["GET"]}}],"collection":[{"href":"https:\/\/biosain.at\/index.php?rest_route=\/wp\/v2\/pages"}],"about":[{"href":"https:\/\/biosain.at\/index.php?rest_route=\/wp\/v2\/types\/page"}],"author":[{"embeddable":true,"href":"https:\/\/biosain.at\/index.php?rest_route=\/wp\/v2\/users\/1"}],"replies":[{"embeddable":true,"href":"https:\/\/biosain.at\/index.php?rest_route=%2Fwp%2Fv2%2Fcomments&post=119"}],"version-history":[{"count":19,"href":"https:\/\/biosain.at\/index.php?rest_route=\/wp\/v2\/pages\/119\/revisions"}],"predecessor-version":[{"id":2841,"href":"https:\/\/biosain.at\/index.php?rest_route=\/wp\/v2\/pages\/119\/revisions\/2841"}],"up":[{"embeddable":true,"href":"https:\/\/biosain.at\/index.php?rest_route=\/wp\/v2\/pages\/105"}],"wp:featuredmedia":[{"embeddable":true,"href":"https:\/\/biosain.at\/index.php?rest_route=\/wp\/v2\/media\/2677"}],"wp:attachment":[{"href":"https:\/\/biosain.at\/index.php?rest_route=%2Fwp%2Fv2%2Fmedia&parent=119"}],"wp:term":[{"taxonomy":"category","embeddable":true,"href":"https:\/\/biosain.at\/index.php?rest_route=%2Fwp%2Fv2%2Fcategories&post=119"},{"taxonomy":"post_tag","embeddable":true,"href":"https:\/\/biosain.at\/index.php?rest_route=%2Fwp%2Fv2%2Ftags&post=119"}],"curies":[{"name":"wp","href":"https:\/\/api.w.org\/{rel}","templated":true}]}}