{"id":121,"date":"2015-03-18T21:41:40","date_gmt":"2015-03-18T20:41:40","guid":{"rendered":"http:\/\/dellmour.at\/biosain.at\/wordpress-4.1.1-de_DE\/wordpress\/?page_id=121"},"modified":"2026-03-26T23:31:55","modified_gmt":"2026-03-26T22:31:55","slug":"mali-oesterreich","status":"publish","type":"page","link":"https:\/\/biosain.at\/?page_id=121","title":{"rendered":"unsere Visionen"},"content":{"rendered":"\n<figure class=\"wp-block-image size-large\"><img loading=\"lazy\" decoding=\"async\" width=\"1024\" height=\"683\" src=\"https:\/\/biosain.at\/wp-content\/uploads\/2021\/07\/Pflanzen_2021_Juli_10x15-9111-1024x683.jpg\" alt=\"\" class=\"wp-image-2394\" srcset=\"https:\/\/biosain.at\/wp-content\/uploads\/2021\/07\/Pflanzen_2021_Juli_10x15-9111-1024x683.jpg 1024w, https:\/\/biosain.at\/wp-content\/uploads\/2021\/07\/Pflanzen_2021_Juli_10x15-9111-300x200.jpg 300w, https:\/\/biosain.at\/wp-content\/uploads\/2021\/07\/Pflanzen_2021_Juli_10x15-9111-768x512.jpg 768w, https:\/\/biosain.at\/wp-content\/uploads\/2021\/07\/Pflanzen_2021_Juli_10x15-9111-1536x1025.jpg 1536w, https:\/\/biosain.at\/wp-content\/uploads\/2021\/07\/Pflanzen_2021_Juli_10x15-9111.jpg 1772w\" sizes=\"auto, (max-width: 1024px) 100vw, 1024px\" \/><\/figure>\n\n\n<h1>Unsere Visionen<\/h1>\n<p>\u00a0<\/p>\n<p><strong>Weitgehende Unabh\u00e4ngigkeit und eine, f\u00fcr alle Beteiligten, gesunde Landwirtschaft sind nicht nur Ziele des Betriebes, sondern dar\u00fcber hinaus<\/strong>.<\/p>\n<p>Betrieblich versuchen wir das etwa durch eine Wirtschaftsweise, die auf gro\u00df angelegte Investitionen verzichtet sowie zunehmender eigener Saatgutvermehrung umzusetzen und aufrecht zu erhalten. Gesunde B\u00f6den und damit Bodenaufbauenden und regenerierende Anbautechniken sind das Fundament einer resilienten Landwirtschaft ebenso wie faire Vertriebssysteme.<\/p>\n<p>B\u00e4uer*innen sind mit vielen strukturellen und klimatischen Herausforderungen konfrontiert &#8211; noch gravierender zu sp\u00fcren sind sie allerdings in L\u00e4ndern des globalen S\u00fcdens.<\/p>\n<p>Es sind die Klein und Mittelbetriebe die, die Welt ern\u00e4hren daher ist es unser aller Aufgabe daf\u00fcr Sorge zu tragen, dass diese bestehen.<\/p>\n<p>Daher arbeiten wir mit den Vereinen <strong>Nakobio und Dalaseeds<\/strong> an Ausbildungen f\u00fcr bio-intensiven Gem\u00fcsebau und Saatgutvermehrung in lebendigen B\u00f6den.<\/p>\n<p>Mehr Information dar\u00fcber findet ihr <a href=\"https:\/\/nako.bio\/de\">hier.<\/a><\/p>\n\n\n<p><\/p>\n","protected":false},"excerpt":{"rendered":"<p>Unsere Visionen \u00a0 Weitgehende Unabh\u00e4ngigkeit und eine, f\u00fcr alle Beteiligten, gesunde Landwirtschaft sind nicht nur Ziele des Betriebes, sondern dar\u00fcber hinaus. Betrieblich versuchen wir das etwa durch eine Wirtschaftsweise, die auf gro\u00df angelegte Investitionen verzichtet sowie zunehmender eigener Saatgutvermehrung umzusetzen und aufrecht zu erhalten. Gesunde B\u00f6den und damit Bodenaufbauenden und regenerierende Anbautechniken sind das Fundament&nbsp; <a class=\"moretag\" href=\"https:\/\/biosain.at\/?page_id=121\"> mehr lesen&#8230;<\/a><\/p>\n","protected":false},"author":1,"featured_media":45,"parent":105,"menu_order":165,"comment_status":"closed","ping_status":"closed","template":"simple.php","meta":{"footnotes":"","_links_to":"","_links_to_target":""},"categories":[],"tags":[],"class_list":["post-121","page","type-page","status-publish","has-post-thumbnail","hentry"],"_links":{"self":[{"href":"https:\/\/biosain.at\/index.php?rest_route=\/wp\/v2\/pages\/121","targetHints":{"allow":["GET"]}}],"collection":[{"href":"https:\/\/biosain.at\/index.php?rest_route=\/wp\/v2\/pages"}],"about":[{"href":"https:\/\/biosain.at\/index.php?rest_route=\/wp\/v2\/types\/page"}],"author":[{"embeddable":true,"href":"https:\/\/biosain.at\/index.php?rest_route=\/wp\/v2\/users\/1"}],"replies":[{"embeddable":true,"href":"https:\/\/biosain.at\/index.php?rest_route=%2Fwp%2Fv2%2Fcomments&post=121"}],"version-history":[{"count":16,"href":"https:\/\/biosain.at\/index.php?rest_route=\/wp\/v2\/pages\/121\/revisions"}],"predecessor-version":[{"id":2833,"href":"https:\/\/biosain.at\/index.php?rest_route=\/wp\/v2\/pages\/121\/revisions\/2833"}],"up":[{"embeddable":true,"href":"https:\/\/biosain.at\/index.php?rest_route=\/wp\/v2\/pages\/105"}],"wp:featuredmedia":[{"embeddable":true,"href":"https:\/\/biosain.at\/index.php?rest_route=\/wp\/v2\/media\/45"}],"wp:attachment":[{"href":"https:\/\/biosain.at\/index.php?rest_route=%2Fwp%2Fv2%2Fmedia&parent=121"}],"wp:term":[{"taxonomy":"category","embeddable":true,"href":"https:\/\/biosain.at\/index.php?rest_route=%2Fwp%2Fv2%2Fcategories&post=121"},{"taxonomy":"post_tag","embeddable":true,"href":"https:\/\/biosain.at\/index.php?rest_route=%2Fwp%2Fv2%2Ftags&post=121"}],"curies":[{"name":"wp","href":"https:\/\/api.w.org\/{rel}","templated":true}]}}