{"id":1245,"date":"2016-08-09T14:40:05","date_gmt":"2016-08-09T12:40:05","guid":{"rendered":"http:\/\/biosain.at\/?page_id=1245"},"modified":"2016-08-09T14:46:07","modified_gmt":"2016-08-09T12:46:07","slug":"august","status":"publish","type":"page","link":"https:\/\/biosain.at\/?page_id=1245","title":{"rendered":"August"},"content":{"rendered":"<p>Jetzt ist eine sehr erntereiche Zeit und es gibt nun so gut wie alles. Fruchtgem\u00fcse, Blattgem\u00fcse und Wurzelgem\u00fcse. Vor allem Tomaten, Gurken, Zucchini, Fisolen und Kr\u00e4uter sind dem heurigen Wetter dankbar und sind \u00fcberw\u00e4ltigend reichtragend.<\/p>\n<p>Bei dieser \u00dcppigkeit zahlt es sich aus den Sommer in Gl\u00e4sern einzumachen. Daf\u00fcr findet ihr ein paar Anregungen\u00a0bei den Rezepten.<\/p>\n","protected":false},"excerpt":{"rendered":"<p>Jetzt ist eine sehr erntereiche Zeit und es gibt nun so gut wie alles. Fruchtgem\u00fcse, Blattgem\u00fcse und Wurzelgem\u00fcse. Vor allem Tomaten, Gurken, Zucchini, Fisolen und Kr\u00e4uter sind dem heurigen Wetter dankbar und sind \u00fcberw\u00e4ltigend reichtragend. Bei dieser \u00dcppigkeit zahlt es sich aus den Sommer in Gl\u00e4sern einzumachen. Daf\u00fcr findet ihr ein paar Anregungen\u00a0bei den Rezepten.<\/p>\n","protected":false},"author":3,"featured_media":395,"parent":165,"menu_order":149,"comment_status":"closed","ping_status":"closed","template":"","meta":{"footnotes":"","_links_to":"","_links_to_target":""},"categories":[],"tags":[],"class_list":["post-1245","page","type-page","status-publish","has-post-thumbnail","hentry"],"_links":{"self":[{"href":"https:\/\/biosain.at\/index.php?rest_route=\/wp\/v2\/pages\/1245","targetHints":{"allow":["GET"]}}],"collection":[{"href":"https:\/\/biosain.at\/index.php?rest_route=\/wp\/v2\/pages"}],"about":[{"href":"https:\/\/biosain.at\/index.php?rest_route=\/wp\/v2\/types\/page"}],"author":[{"embeddable":true,"href":"https:\/\/biosain.at\/index.php?rest_route=\/wp\/v2\/users\/3"}],"replies":[{"embeddable":true,"href":"https:\/\/biosain.at\/index.php?rest_route=%2Fwp%2Fv2%2Fcomments&post=1245"}],"version-history":[{"count":3,"href":"https:\/\/biosain.at\/index.php?rest_route=\/wp\/v2\/pages\/1245\/revisions"}],"predecessor-version":[{"id":1250,"href":"https:\/\/biosain.at\/index.php?rest_route=\/wp\/v2\/pages\/1245\/revisions\/1250"}],"up":[{"embeddable":true,"href":"https:\/\/biosain.at\/index.php?rest_route=\/wp\/v2\/pages\/165"}],"wp:featuredmedia":[{"embeddable":true,"href":"https:\/\/biosain.at\/index.php?rest_route=\/wp\/v2\/media\/395"}],"wp:attachment":[{"href":"https:\/\/biosain.at\/index.php?rest_route=%2Fwp%2Fv2%2Fmedia&parent=1245"}],"wp:term":[{"taxonomy":"category","embeddable":true,"href":"https:\/\/biosain.at\/index.php?rest_route=%2Fwp%2Fv2%2Fcategories&post=1245"},{"taxonomy":"post_tag","embeddable":true,"href":"https:\/\/biosain.at\/index.php?rest_route=%2Fwp%2Fv2%2Ftags&post=1245"}],"curies":[{"name":"wp","href":"https:\/\/api.w.org\/{rel}","templated":true}]}}