{"id":1281,"date":"2016-11-08T16:51:17","date_gmt":"2016-11-08T15:51:17","guid":{"rendered":"http:\/\/biosain.at\/?page_id=1281"},"modified":"2020-03-10T17:39:52","modified_gmt":"2020-03-10T16:39:52","slug":"radicchio","status":"publish","type":"page","link":"https:\/\/biosain.at\/?page_id=1281","title":{"rendered":"Radicchio"},"content":{"rendered":"<p>Radicchio und auch Zuckerhut geh\u00f6ren zu den Zichoriensalaten und sind Salate der k\u00fchlen Jahreszeit- zumindest bei uns entwickeln sie sich da am sch\u00f6nsten.<\/p>\n<p>Sie enthalten viele Bitterstoffe &#8211; was angeblich blutreinigend ist. Aber sie speichern auch stark Nitrat &#8211; also nicht nur f\u00fcr B\u00f6den und Bodenleben sondern auch f\u00fcr die eigene Gesundheit- legen wir euch Radicchio und Zuckerhut aus biologischer Landwirtschaft ans Herz.<\/p>\n<p>Bei den Rezepten findet ihr sowohl rohe wie auch zubereitete Varianten dieses Wintersalates.<\/p>\n","protected":false},"excerpt":{"rendered":"<p>Radicchio und auch Zuckerhut geh\u00f6ren zu den Zichoriensalaten und sind Salate der k\u00fchlen Jahreszeit- zumindest bei uns entwickeln sie sich da am sch\u00f6nsten. Sie enthalten viele Bitterstoffe &#8211; was angeblich blutreinigend ist. Aber sie speichern auch stark Nitrat &#8211; also nicht nur f\u00fcr B\u00f6den und Bodenleben sondern auch f\u00fcr die eigene Gesundheit- legen wir euch&nbsp; <a class=\"moretag\" href=\"https:\/\/biosain.at\/?page_id=1281\"> mehr lesen&#8230;<\/a><\/p>\n","protected":false},"author":3,"featured_media":1591,"parent":1837,"menu_order":40,"comment_status":"closed","ping_status":"closed","template":"","meta":{"footnotes":"","_links_to":"","_links_to_target":""},"categories":[3,18],"tags":[],"class_list":["post-1281","page","type-page","status-publish","has-post-thumbnail","hentry","category-aktuelles-gemuese","category-herbst"],"_links":{"self":[{"href":"https:\/\/biosain.at\/index.php?rest_route=\/wp\/v2\/pages\/1281","targetHints":{"allow":["GET"]}}],"collection":[{"href":"https:\/\/biosain.at\/index.php?rest_route=\/wp\/v2\/pages"}],"about":[{"href":"https:\/\/biosain.at\/index.php?rest_route=\/wp\/v2\/types\/page"}],"author":[{"embeddable":true,"href":"https:\/\/biosain.at\/index.php?rest_route=\/wp\/v2\/users\/3"}],"replies":[{"embeddable":true,"href":"https:\/\/biosain.at\/index.php?rest_route=%2Fwp%2Fv2%2Fcomments&post=1281"}],"version-history":[{"count":4,"href":"https:\/\/biosain.at\/index.php?rest_route=\/wp\/v2\/pages\/1281\/revisions"}],"predecessor-version":[{"id":1286,"href":"https:\/\/biosain.at\/index.php?rest_route=\/wp\/v2\/pages\/1281\/revisions\/1286"}],"up":[{"embeddable":true,"href":"https:\/\/biosain.at\/index.php?rest_route=\/wp\/v2\/pages\/1837"}],"wp:featuredmedia":[{"embeddable":true,"href":"https:\/\/biosain.at\/index.php?rest_route=\/wp\/v2\/media\/1591"}],"wp:attachment":[{"href":"https:\/\/biosain.at\/index.php?rest_route=%2Fwp%2Fv2%2Fmedia&parent=1281"}],"wp:term":[{"taxonomy":"category","embeddable":true,"href":"https:\/\/biosain.at\/index.php?rest_route=%2Fwp%2Fv2%2Fcategories&post=1281"},{"taxonomy":"post_tag","embeddable":true,"href":"https:\/\/biosain.at\/index.php?rest_route=%2Fwp%2Fv2%2Ftags&post=1281"}],"curies":[{"name":"wp","href":"https:\/\/api.w.org\/{rel}","templated":true}]}}