{"id":170,"date":"2015-03-26T14:18:47","date_gmt":"2015-03-26T13:18:47","guid":{"rendered":"http:\/\/dellmour.at\/biosain.at\/wordpress-4.1.1-de_DE\/wordpress\/?page_id=170"},"modified":"2015-04-22T07:41:44","modified_gmt":"2015-04-22T05:41:44","slug":"news-2","status":"publish","type":"page","link":"https:\/\/biosain.at\/?page_id=170","title":{"rendered":"M\u00e4rz 2015"},"content":{"rendered":"<p><a href=\"http:\/\/dellmour.at\/biosain.at\/wordpress-4.1.1-de_DE\/wordpress\/wp-content\/uploads\/2015\/03\/m\u00e4rz_2015-1820.jpg\"><img loading=\"lazy\" decoding=\"async\" class=\"alignnone size-medium wp-image-254\" src=\"http:\/\/dellmour.at\/biosain.at\/wordpress-4.1.1-de_DE\/wordpress\/wp-content\/uploads\/2015\/03\/m\u00e4rz_2015-1820-300x200.jpg\" alt=\"m\u00e4rz_2015-1820\" width=\"300\" height=\"200\" srcset=\"https:\/\/biosain.at\/wp-content\/uploads\/2015\/03\/m\u00e4rz_2015-1820-300x200.jpg 300w, https:\/\/biosain.at\/wp-content\/uploads\/2015\/03\/m\u00e4rz_2015-1820.jpg 886w\" sizes=\"auto, (max-width: 300px) 100vw, 300px\" \/><\/a><\/p>\n<p>der neue Folientunnel ist nun perfekt ausgerichtet und bietet unseren w\u00e4rmebed\u00fcrftigen Pflanzen zus\u00e4tzlichen Schutz.<\/p>\n<p>&nbsp;<\/p>\n","protected":false},"excerpt":{"rendered":"<p>der neue Folientunnel ist nun perfekt ausgerichtet und bietet unseren w\u00e4rmebed\u00fcrftigen Pflanzen zus\u00e4tzlichen Schutz. &nbsp;<\/p>\n","protected":false},"author":1,"featured_media":253,"parent":165,"menu_order":157,"comment_status":"closed","ping_status":"closed","template":"","meta":{"footnotes":"","_links_to":"","_links_to_target":""},"categories":[2],"tags":[],"class_list":["post-170","page","type-page","status-publish","has-post-thumbnail","hentry","category-news"],"_links":{"self":[{"href":"https:\/\/biosain.at\/index.php?rest_route=\/wp\/v2\/pages\/170","targetHints":{"allow":["GET"]}}],"collection":[{"href":"https:\/\/biosain.at\/index.php?rest_route=\/wp\/v2\/pages"}],"about":[{"href":"https:\/\/biosain.at\/index.php?rest_route=\/wp\/v2\/types\/page"}],"author":[{"embeddable":true,"href":"https:\/\/biosain.at\/index.php?rest_route=\/wp\/v2\/users\/1"}],"replies":[{"embeddable":true,"href":"https:\/\/biosain.at\/index.php?rest_route=%2Fwp%2Fv2%2Fcomments&post=170"}],"version-history":[{"count":4,"href":"https:\/\/biosain.at\/index.php?rest_route=\/wp\/v2\/pages\/170\/revisions"}],"predecessor-version":[{"id":261,"href":"https:\/\/biosain.at\/index.php?rest_route=\/wp\/v2\/pages\/170\/revisions\/261"}],"up":[{"embeddable":true,"href":"https:\/\/biosain.at\/index.php?rest_route=\/wp\/v2\/pages\/165"}],"wp:featuredmedia":[{"embeddable":true,"href":"https:\/\/biosain.at\/index.php?rest_route=\/wp\/v2\/media\/253"}],"wp:attachment":[{"href":"https:\/\/biosain.at\/index.php?rest_route=%2Fwp%2Fv2%2Fmedia&parent=170"}],"wp:term":[{"taxonomy":"category","embeddable":true,"href":"https:\/\/biosain.at\/index.php?rest_route=%2Fwp%2Fv2%2Fcategories&post=170"},{"taxonomy":"post_tag","embeddable":true,"href":"https:\/\/biosain.at\/index.php?rest_route=%2Fwp%2Fv2%2Ftags&post=170"}],"curies":[{"name":"wp","href":"https:\/\/api.w.org\/{rel}","templated":true}]}}