{"id":1940,"date":"2020-03-28T22:09:01","date_gmt":"2020-03-28T21:09:01","guid":{"rendered":"http:\/\/biosain.at\/?page_id=1940"},"modified":"2025-01-13T15:12:07","modified_gmt":"2025-01-13T14:12:07","slug":"datenschutz","status":"publish","type":"page","link":"https:\/\/biosain.at\/?page_id=1940","title":{"rendered":"Datenschutz"},"content":{"rendered":"<h1 style=\"text-align: left;\">Datenschutzerkl\u00e4rung BIOsain<\/h1>\n<p class=\"p1\">Der Schutz deiner pers\u00f6nlichen Daten ist uns ein besonderes Anliegen. Wir verarbeiten deine Daten daher ausschlie\u00dflich auf Grundlage der gesetzlichen Bestimmungen (DSGVO, TKG 2003). In diesen Datenschutzinformationen informieren wir dich \u00fcber die wichtigsten Aspekte der Datenverarbeitung im Rahmen unserer Website.<\/p>\n<p class=\"p1\"><b>Kontakt mit uns <\/b><\/p>\n<p class=\"p1\">Wenn du per Formular auf der Website oder per E-Mail Kontakt mit uns aufnimmst, werden deine angegebenen Daten zwecks Bearbeitung der Anfrage und f\u00fcr den Fall von Anschlussfragen sechs Monate bei uns gespeichert. Diese Daten geben wir nicht weiter.<\/p>\n<p class=\"p1\"><b>Datenspeicherung <\/b><\/p>\n<p class=\"p1\">Es werden zum Zweck der Vertragsabwicklung folgende Daten bei uns gespeichert: Vor- und Nachname, E-Mail-Adresse, Telefonnummer, Adresse, Bankdaten und Abholstandort. Die von dir bereit gestellten Daten sind zur Vertragserf\u00fcllung bzw. zur Durchf\u00fchrung vorvertraglicher Ma\u00dfnahmen erforderlich. Ohne diese Daten k\u00f6nnen wir den Vertrag mit dir nicht abschlie\u00dfen. Eine Daten\u00fcbermittlung an Dritte erfolgt nicht, mit Ausnahme der \u00dcbermittlung der Bankdaten an die abwickelnden Bankinstitute\/Zahlungsdienstleister zum Zwecke der Abbuchung des Preises f\u00fcr den Ernteanteil sowie an unsere Buchhaltung bzw. Steuerberater zur Erf\u00fcllung unserer steuerrechtlichen Verpflichtungen.<\/p>\n<p class=\"p1\">Nach Abbruch des Einkaufsvorganges werden die bei uns gespeicherten Daten gel\u00f6scht. Im Falle eines Vertragsabschlusses werden s\u00e4mtliche Daten aus dem Vertragsverh\u00e4ltnis bis zum Ablauf der steuerrechtlichen Aufbewahrungsfrist (7 Jahre) gespeichert. Die Daten Name, Anschrift, gekaufte Waren und Kaufdatum werden dar\u00fcber hinaus bis zum Ablauf der Produkthaftung (10 Jahre) gespeichert. Die Datenverarbeitung erfolgt auf Basis der gesetzlichen Bestimmungen des \u00a7 96 Abs 3 TKG sowie des Art 6 Abs 1 lit a (Einwilligung) und\/oder lit b (notwendig zur Vertragserf\u00fcllung) der DSGVO.<\/p>\n<p class=\"p1\"><b>Newsletter <\/b><\/p>\n<p class=\"p1\">Du hast die M\u00f6glichkeit \u00fcber unsere Website unseren Newsletter zu abonnieren. Hierf\u00fcr ben\u00f6tigen wir deine E-Mail-Adresse und deine Erkl\u00e4rung, dass du mit dem Bezug des Newsletters einverstanden bist.<\/p>\n<p class=\"p1\">Sobald du dich f\u00fcr den Newsletter angemeldet hast, senden wir dir eine Best\u00e4tigungs-E-Mail mit einem Link zur Best\u00e4tigung der Anmeldung.<\/p>\n<p class=\"p1\">Der Versand der Newsletter erfolgt mittels \u201eMailChimp\u201c, einer Newsletterversandplattform des US-Anbieters Rocket Science Group, LLC, 675 Ponce De Leon Ave NE #5000, Atlanta, GA 30308, USA.<\/p>\n<p class=\"p1\">Die E-Mail-Adressen unserer Newsletterempf\u00e4nger, als auch deren weitere, im Rahmen dieser Hinweise beschriebenen Daten, werden auf den Servern von MailChimp in den USA gespeichert. MailChimp verwendet diese Informationen zum Versand und zur Auswertung der Newsletter in unserem Auftrag. Des Weiteren kann MailChimp nach eigenen Informationen diese Daten zur Optimierung oder Verbesserung der eigenen Services nutzen, z. B. zur technischen Optimierung des Versandes und der Darstellung der Newsletter oder f\u00fcr wirtschaftliche Zwecke, um zu bestimmen aus welchen L\u00e4ndern die Empf\u00e4nger kommen. MailChimp nutzt die Daten unserer Newsletterempf\u00e4nger jedoch nicht, um diese selbst anzuschreiben oder an Dritte weiterzugeben.<\/p>\n<p class=\"p1\">Wir vertrauen auf die Zuverl\u00e4ssigkeit und die IT- sowie Datensicherheit von MailChimp. MailChimp ist unter dem US-EU-Datenschutzabkommen \u201ePrivacy Shield\u201c zertifiziert und verpflichtet sich damit die EU-Datenschutzvorgaben einzuhalten. Des Weiteren haben wir mit MailChimp ein \u201eData-Processing-Agreement\u201c abgeschlossen. Dabei handelt es sich um einen Vertrag, in dem sich MailChimp dazu verpflichtet, die Daten unserer Nutzer zu sch\u00fctzen, entsprechend dessen Datenschutzbestimmungen in unserem Auftrag zu verarbeiten und insbesondere nicht an Dritte weiter zu geben. Die Datenschutzbestimmungen von MailChimp kannst du <a href=\"https:\/\/mailchimp.com\/legal\/data-processing-addendum\/\">hier einsehen.<\/a><\/p>\n<p class=\"p1\">Das Abo des Newsletters kannst du jederzeit stornieren. Sende deine Stornierung bitte an folgende E-Mail-Adresse: <i>ttoe@hotmail.fr<\/i>. Wir l\u00f6schen anschlie\u00dfend umgehend deine Daten im Zusammenhang mit dem Newsletter-Versand. Durch diesen Widerruf wird die Rechtm\u00e4\u00dfigkeit der aufgrund der Zustimmung bis zum Widerruf erfolgten Verarbeitung nicht ber\u00fchrt.<\/p>\n<p class=\"p1\"><b>IP-Adressen <\/b><\/p>\n<p class=\"p1\">Deine IP-Adresse wird im Rahmen der Newsletteranmeldung erfasst.<\/p>\n<p class=\"p1\"><b>Deine Rechte <\/b><\/p>\n<p class=\"p1\">Dir steht bez\u00fcglich deiner bei uns gespeicherten Daten grunds\u00e4tzlich die Rechte auf Auskunft, Berichtigung, L\u00f6schung, Einschr\u00e4nkung, Daten\u00fcbertragbarkeit, Widerruf und Widerspruch zu. Wenn du glaubst, dass die Verarbeitung deiner Daten gegen das Datenschutzrecht verst\u00f6\u00dft oder deine datenschutzrechtlichen Anspr\u00fcche sonst in einer Weise verletzt worden sind, kannst du dich bei uns <i>ttoe@hotmail.fr <\/i>oder der Datenschutzbeh\u00f6rde beschweren.<\/p>\n<p class=\"p1\"><b>Du erreichst uns unter folgenden Kontaktdaten<\/b>:<\/p>\n<p class=\"p1\"><span class=\"s1\"><i>BIOsain<\/i><\/span><\/p>\n<p class=\"p1\"><span class=\"s1\"><i>Tristan TOE Am Wachtberg 78<\/i><\/span><\/p>\n<p class=\"p1\"><i>3571 Gars\/Thunau am Kamp <\/i><\/p>\n<p class=\"p1\"><i>Telefon: 0680 321 65 21 <\/i><\/p>\n<p class=\"p1\"><i>E-Mail: ttoe@hotmail.fr<\/i><\/p>\n","protected":false},"excerpt":{"rendered":"<p>Datenschutzerkl\u00e4rung BIOsain Der Schutz deiner pers\u00f6nlichen Daten ist uns ein besonderes Anliegen. Wir verarbeiten deine Daten daher ausschlie\u00dflich auf Grundlage der gesetzlichen Bestimmungen (DSGVO, TKG 2003). In diesen Datenschutzinformationen informieren wir dich \u00fcber die wichtigsten Aspekte der Datenverarbeitung im Rahmen unserer Website. Kontakt mit uns Wenn du per Formular auf der Website oder per E-Mail&nbsp; <a class=\"moretag\" href=\"https:\/\/biosain.at\/?page_id=1940\"> mehr lesen&#8230;<\/a><\/p>\n","protected":false},"author":3,"featured_media":0,"parent":0,"menu_order":189,"comment_status":"closed","ping_status":"closed","template":"simple.php","meta":{"footnotes":"","_links_to":"","_links_to_target":""},"categories":[],"tags":[],"class_list":["post-1940","page","type-page","status-publish","hentry"],"_links":{"self":[{"href":"https:\/\/biosain.at\/index.php?rest_route=\/wp\/v2\/pages\/1940","targetHints":{"allow":["GET"]}}],"collection":[{"href":"https:\/\/biosain.at\/index.php?rest_route=\/wp\/v2\/pages"}],"about":[{"href":"https:\/\/biosain.at\/index.php?rest_route=\/wp\/v2\/types\/page"}],"author":[{"embeddable":true,"href":"https:\/\/biosain.at\/index.php?rest_route=\/wp\/v2\/users\/3"}],"replies":[{"embeddable":true,"href":"https:\/\/biosain.at\/index.php?rest_route=%2Fwp%2Fv2%2Fcomments&post=1940"}],"version-history":[{"count":3,"href":"https:\/\/biosain.at\/index.php?rest_route=\/wp\/v2\/pages\/1940\/revisions"}],"predecessor-version":[{"id":2738,"href":"https:\/\/biosain.at\/index.php?rest_route=\/wp\/v2\/pages\/1940\/revisions\/2738"}],"wp:attachment":[{"href":"https:\/\/biosain.at\/index.php?rest_route=%2Fwp%2Fv2%2Fmedia&parent=1940"}],"wp:term":[{"taxonomy":"category","embeddable":true,"href":"https:\/\/biosain.at\/index.php?rest_route=%2Fwp%2Fv2%2Fcategories&post=1940"},{"taxonomy":"post_tag","embeddable":true,"href":"https:\/\/biosain.at\/index.php?rest_route=%2Fwp%2Fv2%2Ftags&post=1940"}],"curies":[{"name":"wp","href":"https:\/\/api.w.org\/{rel}","templated":true}]}}