{"id":215,"date":"2015-03-29T10:33:36","date_gmt":"2015-03-29T08:33:36","guid":{"rendered":"http:\/\/dellmour.at\/biosain.at\/wordpress-4.1.1-de_DE\/wordpress\/?page_id=215"},"modified":"2026-03-27T00:10:30","modified_gmt":"2026-03-26T23:10:30","slug":"wachtberg","status":"publish","type":"page","link":"https:\/\/biosain.at\/?page_id=215","title":{"rendered":"Solawi &#8211; so funktioniert es"},"content":{"rendered":"\n<h1 class=\"wp-block-heading\">Solawi<\/h1>\n\n\n\n<p>Eine gemeinschaftsgetragene Landwirtschaft erm\u00f6glicht Verbraucher*innen und Produzent*innen au\u00dferhalb eines marktwirtschaftlichen Systems \u2013 das zumeist weder fair, gesund noch \u00f6kologisch tragbar ist \u2013 neu in Beziehung zu treten.<\/p>\n\n\n\n<h2 class=\"wp-block-heading\"><strong>So funktioniert es<\/strong><\/h2>\n\n\n<div class=\"wp-block-image\">\n<figure class=\"alignleft\"><a href=\"https:\/\/biosain.at\/wp-content\/uploads\/2015\/03\/zeichnung2018.jpg\"><img loading=\"lazy\" decoding=\"async\" width=\"1024\" height=\"299\" src=\"https:\/\/biosain.at\/wp-content\/uploads\/2015\/03\/zeichnung2018-1024x299.jpg\" alt=\"zeichnung2018\" class=\"wp-image-1650\" srcset=\"https:\/\/biosain.at\/wp-content\/uploads\/2015\/03\/zeichnung2018-1024x299.jpg 1024w, https:\/\/biosain.at\/wp-content\/uploads\/2015\/03\/zeichnung2018-300x88.jpg 300w\" sizes=\"auto, (max-width: 1024px) 100vw, 1024px\" \/><\/a><\/figure>\n<\/div>\n\n\n<p><strong>eine gemeinschaftsgetragene Landwirtschaft erm\u00f6glicht Ihnen:<\/strong><\/p>\n\n\n\n<ul class=\"wp-block-list\">\n<li>w\u00f6chentlich frisches, vielf\u00e4ltiges, regionales und<br>saisonales Gem\u00fcse.<\/li>\n\n\n\n<li>(wieder)entdecken vergessener oder unbekannter<br>Geschm\u00e4cker, Aromen und Pflanzen.<\/li>\n\n\n\n<li>neuer und n\u00e4herer Bezug zu den Menschen, Jahreszeiten<br>und dem Platz an dem das Gem\u00fcse w\u00e4chst.<\/li>\n\n\n\n<li>kleinb\u00e4uerliche und regionale Biolandwirtschaft zu<br>unterst\u00fctzen und zu f\u00f6rdern.<\/li>\n\n\n\n<li>bestes Gem\u00fcse da es zus\u00e4tzlich zum schonenden,<br>geschmacks- und pflanzenvitalit\u00e4tsorientierten Anbau<br>zum idealen Reifezeitpunkt geerntet werden kann.<\/li>\n\n\n\n<li>neue Kochideen.<\/li>\n<\/ul>\n\n\n\n<p><strong>eine gemeinschaftsgetragene Landwirtschaft erm\u00f6glicht uns:<\/strong><\/p>\n\n\n\n<ul class=\"wp-block-list\">\n<li>unser Anliegen \u00f6kologisch nachhaltig und achtsam<br>arbeiten zu k\u00f6nnen weiter zu verfolgen und umzusetzten.<\/li>\n\n\n\n<li>weiterhin vielf\u00e4ltiges, geschmackvolles und samenfestes<br>Gem\u00fcse anbauen und bereitstellen zu k\u00f6nnen und nicht<br>einer Logik zu unterliegen in der nur die ertragreichsten<br>und homogensten Kulturen Platz auf den Feldern finden<br>sondern Vielfalt w\u00e4chst und gelebt wird.<\/li>\n\n\n\n<li>faire Entlohnung und ein gesundes Arbeitsumfeld.<\/li>\n\n\n\n<li>sinnvolle und nachhaltige Planung der Produktion und<br>der Betriebsentwicklung.<\/li>\n\n\n\n<li>n\u00e4heren Bezug zu den Menschen die \u201eunser\u201c<br>Gem\u00fcse essen.<\/li>\n\n\n\n<li>unseren Wunsch dass, das Gem\u00fcse in seiner besten<br>Qualit\u00e4t bei euch ankommt umzusetzen, da wir es zum<br>idealen Reifezeitpunkt ernten k\u00f6nnen.<\/li>\n<\/ul>\n\n\n\n<p>Wo und Wie:<\/p>\n\n\n\n<p><strong>ANMELDUNG: <\/strong>unter dem Button <em>f\u00fcr einen Ernteanteil anmelden<\/em> (im Balken oben rechts)<\/p>\n\n\n\n<p><strong>VERTEILUNGSSTART:<\/strong> April<\/p>\n\n\n\n<p><strong>DAUER<\/strong>: w\u00f6chentlich von Anfang April bis Ende November<\/p>\n\n\n\n<p><strong>SAISONBEITRAG :<\/strong> 1070,-Saison entspricht 34 Ernteanteilen mit 33 Lieferwochen<\/p>\n\n\n\n<p><strong>WO: <\/strong>Selbstabholung an den Standorten:<\/p>\n\n\n\n<p><strong>In Wien freitags<\/strong><\/p>\n\n\n\n<ul class=\"wp-block-list\">\n<li>Im <strong>Reformhaus Wallner<\/strong>, Wiedner Haupstra\u00dfe 66, <strong>1040 Wien<\/strong><\/li>\n\n\n\n<li>Im <strong>Ihana<\/strong>, Kleine Pfarrgasse 3\/1, <strong>1020 Wien<\/strong><\/li>\n\n\n\n<li>In der <strong>Foodcoop Stadtgut<\/strong>, Stadtgutgasse 23, <strong>1020 Wien<\/strong><\/li>\n\n\n\n<li>Im <strong>Wins<\/strong>, An den Kohlenrutschen 10, <strong>1020 Wien<\/strong><\/li>\n\n\n\n<li>Im <strong>Ihana, <\/strong>Kleine Pfarrgasse 3\/1,<strong> 1020 Wien<\/strong><\/li>\n\n\n\n<li>Im <strong>Salon im Park, <\/strong>Krakauer Stra\u00dfe 19, <strong>1020 Wien<\/strong><\/li>\n\n\n\n<li>In den Foodcoops <strong>d\u00b4Speis, Allmunde und Vegan Foodcoop, <\/strong><strong>1150 Wien <\/strong>(als Foodcoopmitglied)<\/li>\n\n\n\n<li>Im <strong>Cafe Natural Winebar Espresso<\/strong>, Burggasse 57, <strong>1070 Wien<\/strong><\/li>\n\n\n\n<li><strong>Ab 15<\/strong> Ernteteilern k\u00f6nnen wir in <strong>Wien<\/strong> auch an einem neuen Standort verteilen.<\/li>\n<\/ul>\n\n\n\n<p><strong>Im Waldviertel<\/strong><\/p>\n\n\n\n<ul class=\"wp-block-list\">\n<li><strong>Ab Hof<\/strong><\/li>\n\n\n\n<li>Im <strong>Working Space<\/strong> in <strong>Gars<\/strong> am Kamp<\/li>\n<\/ul>\n\n\n\n<p><strong>Bei Interesse und Fragen schickt uns ein Mail mit dem Betreff&nbsp; &#8222;Ernteanteil&#8220; an <\/strong>office.biosain@gmail.com<\/p>\n\n\n<div class=\"wp-block-image\">\n<figure class=\"alignleft\"><a href=\"https:\/\/biosain.at\/wp-content\/uploads\/2016\/11\/nov_internet-9395.jpg\"><img loading=\"lazy\" decoding=\"async\" width=\"886\" height=\"591\" src=\"https:\/\/biosain.at\/wp-content\/uploads\/2016\/11\/nov_internet-9395.jpg\" alt=\"nov_internet-9395\" class=\"wp-image-1688\" srcset=\"https:\/\/biosain.at\/wp-content\/uploads\/2016\/11\/nov_internet-9395.jpg 886w, https:\/\/biosain.at\/wp-content\/uploads\/2016\/11\/nov_internet-9395-300x200.jpg 300w\" sizes=\"auto, (max-width: 886px) 100vw, 886px\" \/><\/a><\/figure>\n<\/div>\n\n\n<p><\/p>\n","protected":false},"excerpt":{"rendered":"<p>Solawi Eine gemeinschaftsgetragene Landwirtschaft erm\u00f6glicht Verbraucher*innen und Produzent*innen au\u00dferhalb eines marktwirtschaftlichen Systems \u2013 das zumeist weder fair, gesund noch \u00f6kologisch tragbar ist \u2013 neu in Beziehung zu treten. So funktioniert es eine gemeinschaftsgetragene Landwirtschaft erm\u00f6glicht Ihnen: eine gemeinschaftsgetragene Landwirtschaft erm\u00f6glicht uns: Wo und Wie: ANMELDUNG: unter dem Button f\u00fcr einen Ernteanteil anmelden (im Balken oben&nbsp; <a class=\"moretag\" href=\"https:\/\/biosain.at\/?page_id=215\"> mehr lesen&#8230;<\/a><\/p>\n","protected":false},"author":1,"featured_media":2515,"parent":105,"menu_order":3,"comment_status":"closed","ping_status":"closed","template":"simple.php","meta":{"footnotes":"","_links_to":"","_links_to_target":""},"categories":[],"tags":[],"class_list":["post-215","page","type-page","status-publish","has-post-thumbnail","hentry"],"_links":{"self":[{"href":"https:\/\/biosain.at\/index.php?rest_route=\/wp\/v2\/pages\/215","targetHints":{"allow":["GET"]}}],"collection":[{"href":"https:\/\/biosain.at\/index.php?rest_route=\/wp\/v2\/pages"}],"about":[{"href":"https:\/\/biosain.at\/index.php?rest_route=\/wp\/v2\/types\/page"}],"author":[{"embeddable":true,"href":"https:\/\/biosain.at\/index.php?rest_route=\/wp\/v2\/users\/1"}],"replies":[{"embeddable":true,"href":"https:\/\/biosain.at\/index.php?rest_route=%2Fwp%2Fv2%2Fcomments&post=215"}],"version-history":[{"count":24,"href":"https:\/\/biosain.at\/index.php?rest_route=\/wp\/v2\/pages\/215\/revisions"}],"predecessor-version":[{"id":2850,"href":"https:\/\/biosain.at\/index.php?rest_route=\/wp\/v2\/pages\/215\/revisions\/2850"}],"up":[{"embeddable":true,"href":"https:\/\/biosain.at\/index.php?rest_route=\/wp\/v2\/pages\/105"}],"wp:featuredmedia":[{"embeddable":true,"href":"https:\/\/biosain.at\/index.php?rest_route=\/wp\/v2\/media\/2515"}],"wp:attachment":[{"href":"https:\/\/biosain.at\/index.php?rest_route=%2Fwp%2Fv2%2Fmedia&parent=215"}],"wp:term":[{"taxonomy":"category","embeddable":true,"href":"https:\/\/biosain.at\/index.php?rest_route=%2Fwp%2Fv2%2Fcategories&post=215"},{"taxonomy":"post_tag","embeddable":true,"href":"https:\/\/biosain.at\/index.php?rest_route=%2Fwp%2Fv2%2Ftags&post=215"}],"curies":[{"name":"wp","href":"https:\/\/api.w.org\/{rel}","templated":true}]}}