{"id":683,"date":"2015-04-13T10:22:12","date_gmt":"2015-04-13T08:22:12","guid":{"rendered":"http:\/\/dellmour.at\/biosain.at\/wordpress-4.1.1-de_DE\/wordpress\/?page_id=683"},"modified":"2020-03-10T17:34:44","modified_gmt":"2020-03-10T16:34:44","slug":"kuerbis","status":"publish","type":"page","link":"https:\/\/biosain.at\/?page_id=683","title":{"rendered":"K\u00fcrbis"},"content":{"rendered":"<p>Wie viele Pflanzen haben auch die K\u00fcrbisse ihren Ursprung in Amerika. Sie kamen erst im Zuge des Atlantischen Handelsdreiecks ab dem 16ten Jahrhundert nach Europa, wo sie lange Zeit als \u201eArme-Leute-Essen\u201c galten. Gl\u00fccklicherweise entdecken heute mehr und mehr Menschen die vielen Vorz\u00fcge dieser vielf\u00e4ltigen Frucht. \u00dcbrigens k\u00f6nnen auch die jungen Bl\u00e4tter gegessen werden, z.B. ged\u00fcnstet sind sie geschmacklich nicht zu untersch\u00e4tzen.<\/p>\n<p>that&#8217;s what macka b sings about <a href=\"http:\/\/www.youtube.com\/watch?v=dEdHgIa0968\"><span style=\"text-decoration: underline;\"><span style=\"color: #99cc00; text-decoration: underline;\">pumpkins<\/span><\/span><\/a><\/p>\n<p>Sorten:<\/p>\n<table>\n<tbody>\n<tr>\n<td width=\"216\">Hokaido<\/td>\n<\/tr>\n<tr>\n<td>Mini Butternut<\/td>\n<\/tr>\n<tr>\n<td>Table haze<\/td>\n<\/tr>\n<tr>\n<td>Sweet Dumplin<\/td>\n<\/tr>\n<tr>\n<td>Blue Ballet<\/td>\n<\/tr>\n<tr>\n<td>Patisson<\/td>\n<\/tr>\n<\/tbody>\n<\/table>\n","protected":false},"excerpt":{"rendered":"<p>Wie viele Pflanzen haben auch die K\u00fcrbisse ihren Ursprung in Amerika. Sie kamen erst im Zuge des Atlantischen Handelsdreiecks ab dem 16ten Jahrhundert nach Europa, wo sie lange Zeit als \u201eArme-Leute-Essen\u201c galten. Gl\u00fccklicherweise entdecken heute mehr und mehr Menschen die vielen Vorz\u00fcge dieser vielf\u00e4ltigen Frucht. \u00dcbrigens k\u00f6nnen auch die jungen Bl\u00e4tter gegessen werden, z.B. ged\u00fcnstet&nbsp; <a class=\"moretag\" href=\"https:\/\/biosain.at\/?page_id=683\"> mehr lesen&#8230;<\/a><\/p>\n","protected":false},"author":3,"featured_media":320,"parent":1837,"menu_order":46,"comment_status":"closed","ping_status":"closed","template":"","meta":{"footnotes":"","_links_to":"","_links_to_target":""},"categories":[3,18,4],"tags":[],"class_list":["post-683","page","type-page","status-publish","has-post-thumbnail","hentry","category-aktuelles-gemuese","category-herbst","category-jungpflanzen"],"_links":{"self":[{"href":"https:\/\/biosain.at\/index.php?rest_route=\/wp\/v2\/pages\/683","targetHints":{"allow":["GET"]}}],"collection":[{"href":"https:\/\/biosain.at\/index.php?rest_route=\/wp\/v2\/pages"}],"about":[{"href":"https:\/\/biosain.at\/index.php?rest_route=\/wp\/v2\/types\/page"}],"author":[{"embeddable":true,"href":"https:\/\/biosain.at\/index.php?rest_route=\/wp\/v2\/users\/3"}],"replies":[{"embeddable":true,"href":"https:\/\/biosain.at\/index.php?rest_route=%2Fwp%2Fv2%2Fcomments&post=683"}],"version-history":[{"count":4,"href":"https:\/\/biosain.at\/index.php?rest_route=\/wp\/v2\/pages\/683\/revisions"}],"predecessor-version":[{"id":1501,"href":"https:\/\/biosain.at\/index.php?rest_route=\/wp\/v2\/pages\/683\/revisions\/1501"}],"up":[{"embeddable":true,"href":"https:\/\/biosain.at\/index.php?rest_route=\/wp\/v2\/pages\/1837"}],"wp:featuredmedia":[{"embeddable":true,"href":"https:\/\/biosain.at\/index.php?rest_route=\/wp\/v2\/media\/320"}],"wp:attachment":[{"href":"https:\/\/biosain.at\/index.php?rest_route=%2Fwp%2Fv2%2Fmedia&parent=683"}],"wp:term":[{"taxonomy":"category","embeddable":true,"href":"https:\/\/biosain.at\/index.php?rest_route=%2Fwp%2Fv2%2Fcategories&post=683"},{"taxonomy":"post_tag","embeddable":true,"href":"https:\/\/biosain.at\/index.php?rest_route=%2Fwp%2Fv2%2Ftags&post=683"}],"curies":[{"name":"wp","href":"https:\/\/api.w.org\/{rel}","templated":true}]}}