{"id":734,"date":"2015-04-14T10:43:14","date_gmt":"2015-04-14T08:43:14","guid":{"rendered":"http:\/\/dellmour.at\/biosain.at\/wordpress-4.1.1-de_DE\/wordpress\/?page_id=734"},"modified":"2020-03-07T21:28:01","modified_gmt":"2020-03-07T20:28:01","slug":"frueh-spitzkraut-express","status":"publish","type":"page","link":"https:\/\/biosain.at\/?page_id=734","title":{"rendered":"Fr\u00fch und Spitzkraut"},"content":{"rendered":"<p>Die fr\u00fchen Krautsorten zeichnen sich durch ihre Zartheit aus- und erm\u00f6glichen die besten Krautsalate des Jahres.<\/p>\n<p>&nbsp;<\/p>\n","protected":false},"excerpt":{"rendered":"<p>Die fr\u00fchen Krautsorten zeichnen sich durch ihre Zartheit aus- und erm\u00f6glichen die besten Krautsalate des Jahres. &nbsp;<\/p>\n","protected":false},"author":3,"featured_media":518,"parent":107,"menu_order":100,"comment_status":"closed","ping_status":"closed","template":"","meta":{"footnotes":"","_links_to":"","_links_to_target":""},"categories":[3],"tags":[],"class_list":["post-734","page","type-page","status-publish","has-post-thumbnail","hentry","category-aktuelles-gemuese"],"_links":{"self":[{"href":"https:\/\/biosain.at\/index.php?rest_route=\/wp\/v2\/pages\/734","targetHints":{"allow":["GET"]}}],"collection":[{"href":"https:\/\/biosain.at\/index.php?rest_route=\/wp\/v2\/pages"}],"about":[{"href":"https:\/\/biosain.at\/index.php?rest_route=\/wp\/v2\/types\/page"}],"author":[{"embeddable":true,"href":"https:\/\/biosain.at\/index.php?rest_route=\/wp\/v2\/users\/3"}],"replies":[{"embeddable":true,"href":"https:\/\/biosain.at\/index.php?rest_route=%2Fwp%2Fv2%2Fcomments&post=734"}],"version-history":[{"count":2,"href":"https:\/\/biosain.at\/index.php?rest_route=\/wp\/v2\/pages\/734\/revisions"}],"predecessor-version":[{"id":1818,"href":"https:\/\/biosain.at\/index.php?rest_route=\/wp\/v2\/pages\/734\/revisions\/1818"}],"up":[{"embeddable":true,"href":"https:\/\/biosain.at\/index.php?rest_route=\/wp\/v2\/pages\/107"}],"wp:featuredmedia":[{"embeddable":true,"href":"https:\/\/biosain.at\/index.php?rest_route=\/wp\/v2\/media\/518"}],"wp:attachment":[{"href":"https:\/\/biosain.at\/index.php?rest_route=%2Fwp%2Fv2%2Fmedia&parent=734"}],"wp:term":[{"taxonomy":"category","embeddable":true,"href":"https:\/\/biosain.at\/index.php?rest_route=%2Fwp%2Fv2%2Fcategories&post=734"},{"taxonomy":"post_tag","embeddable":true,"href":"https:\/\/biosain.at\/index.php?rest_route=%2Fwp%2Fv2%2Ftags&post=734"}],"curies":[{"name":"wp","href":"https:\/\/api.w.org\/{rel}","templated":true}]}}