{"id":766,"date":"2018-11-01T00:00:15","date_gmt":"2018-10-31T23:00:15","guid":{"rendered":"http:\/\/dellmour.at\/biosain.at\/wordpress-4.1.1-de_DE\/wordpress\/?page_id=766"},"modified":"2018-12-17T18:27:50","modified_gmt":"2018-12-17T17:27:50","slug":"kontakt-inhalt","status":"publish","type":"page","link":"https:\/\/biosain.at\/?page_id=766","title":{"rendered":"Kontakt &#8211; Inhalt"},"content":{"rendered":"<p>Der Autoweg f\u00fchrt von Tautendorf \u00fcber eine Feldstra\u00dfe, \u00fcber Wiesen und W\u00e4lder, an Kunstwerken vorbei, der Kulturst\u00e4tte und zu guter letzt an unseren Schafen und H\u00fchnern zu BIOsain.<\/p>\n<hr \/>\n<p><a href=\"http:\/\/dellmour.at\/biosain.at\/wordpress-4.1.1-de_DE\/wordpress\/wp-content\/uploads\/2015\/03\/foto1_klein1.jpg\"><img loading=\"lazy\" decoding=\"async\" class=\"alignnone size-full wp-image-194\" src=\"http:\/\/dellmour.at\/biosain.at\/wordpress-4.1.1-de_DE\/wordpress\/wp-content\/uploads\/2015\/03\/foto1_klein1.jpg\" alt=\"foto1_klein\" width=\"249\" height=\"131\" \/><\/a><\/p>\n<p>TRISTAN TOE<br \/>\nAm Wachtberg 78<br \/>\n3571 Gars \/ Thunau am Kamp<br \/>\nWaldviertel<\/p>\n<p>0680 321 65 21<br \/>\n<a href=\"mailto:ttoe@hotmail.fr\">ttoe@hotmail.fr<\/a><\/p>\n<p>&nbsp;<\/p>\n<p><strong>mit dem Zug von Wien:<\/strong><br \/>\nFranz-Josef-Bhf in Hadersdorf\/Sigmunsherberg umsteigen in Kamptal in Buchberg aussteigen &#8211; Vorsicht h\u00e4lt nur bei Bedarf, also dr\u00fccken nicht vergessen, sonst Halt;-) in Gars. ca. 1,5km (20-30min) von Buchberger Schloss rechter &#8222;Berg&#8220; markierte Wanderwege Richtung Tautendorf\/Wachtberg\/Kunst in der Natur.<\/p>\n<p>Von Gars-Thunau Richtung Ruine Schimmelsprung (arch\u00e4ologischen Ausgrabungen = Nachbarh\u00fcgel vom Wachtberg), Kl\u00f6sterl, Wachtberg ca. 2,5km Dauer je nach Wahl der Wanderroute, Tempo und Entdeckungsgeist ca. 40min-&#8230;<\/p>\n<p>&nbsp;<\/p>\n<p><strong>mit dem Auto von Wien:<br \/>\n<\/strong>&#8211; \u00fcber die A22 bis zum Knoten Stockerau &#8211; Stockerau Nord, dann Richtung Horn auf der B4, ca. 5km nach Maissau biegen Sie auf die L58 nach Gars ab. In Gars beim Kreisverkehr folgen Sie dem Schild Richtung Krems\/Langenlois. Bevor Sie den Ort verlassen kommt zu Ihrer rechten eine Br\u00fccke &#8211; queren Sie diese und biegen Sie dann bei der T-Kreuzung links ab. Sie kommen so nach ca. 7km nach Tautendorf, in Tautendorf biegen Sie bei der ersten Kreuzung links ab und halten sich links &#8211; folgen Sie den Schildern <em>Kunst in der Natur<\/em>. Sie kommen nach einem Waldst\u00fcck beim Veranstaltungshaus vorbei und danach sehen Sie links unsere Felder. Fahren Sie den unasphaltierten Weg bis ganz zum Ende.<br \/>\n&#8211; oder \u00fcber die A22 bis Knoten Stockerau, danach \u00fcber die S5 Richtung Krems bis Fels am Wagram, folgen Sie der B4 bis Langenlois, in Langenlois beim Kreisverkehr den Schildern ins Kamptal folgen. Wenn Sie nach Gars kommen ist die erste Abzweigung gleich links \u00fcber die Br\u00fccke zu nehmen &#8211; danach die Beschreibung wie oben.<\/p>\n<p>&nbsp;<\/p>\n","protected":false},"excerpt":{"rendered":"<p>Der Autoweg f\u00fchrt von Tautendorf \u00fcber eine Feldstra\u00dfe, \u00fcber Wiesen und W\u00e4lder, an Kunstwerken vorbei, der Kulturst\u00e4tte und zu guter letzt an unseren Schafen und H\u00fchnern zu BIOsain. TRISTAN TOE Am Wachtberg 78 3571 Gars \/ Thunau am Kamp Waldviertel 0680 321 65 21 ttoe@hotmail.fr &nbsp; mit dem Zug von Wien: Franz-Josef-Bhf in Hadersdorf\/Sigmunsherberg umsteigen&nbsp; <a class=\"moretag\" href=\"https:\/\/biosain.at\/?page_id=766\"> mehr lesen&#8230;<\/a><\/p>\n","protected":false},"author":1,"featured_media":1378,"parent":8,"menu_order":177,"comment_status":"closed","ping_status":"closed","template":"Beschreibungsseite.php","meta":{"footnotes":"","_links_to":"","_links_to_target":""},"categories":[],"tags":[],"class_list":["post-766","page","type-page","status-publish","has-post-thumbnail","hentry"],"_links":{"self":[{"href":"https:\/\/biosain.at\/index.php?rest_route=\/wp\/v2\/pages\/766","targetHints":{"allow":["GET"]}}],"collection":[{"href":"https:\/\/biosain.at\/index.php?rest_route=\/wp\/v2\/pages"}],"about":[{"href":"https:\/\/biosain.at\/index.php?rest_route=\/wp\/v2\/types\/page"}],"author":[{"embeddable":true,"href":"https:\/\/biosain.at\/index.php?rest_route=\/wp\/v2\/users\/1"}],"replies":[{"embeddable":true,"href":"https:\/\/biosain.at\/index.php?rest_route=%2Fwp%2Fv2%2Fcomments&post=766"}],"version-history":[{"count":6,"href":"https:\/\/biosain.at\/index.php?rest_route=\/wp\/v2\/pages\/766\/revisions"}],"predecessor-version":[{"id":2735,"href":"https:\/\/biosain.at\/index.php?rest_route=\/wp\/v2\/pages\/766\/revisions\/2735"}],"up":[{"embeddable":true,"href":"https:\/\/biosain.at\/index.php?rest_route=\/wp\/v2\/pages\/8"}],"wp:featuredmedia":[{"embeddable":true,"href":"https:\/\/biosain.at\/index.php?rest_route=\/wp\/v2\/media\/1378"}],"wp:attachment":[{"href":"https:\/\/biosain.at\/index.php?rest_route=%2Fwp%2Fv2%2Fmedia&parent=766"}],"wp:term":[{"taxonomy":"category","embeddable":true,"href":"https:\/\/biosain.at\/index.php?rest_route=%2Fwp%2Fv2%2Fcategories&post=766"},{"taxonomy":"post_tag","embeddable":true,"href":"https:\/\/biosain.at\/index.php?rest_route=%2Fwp%2Fv2%2Ftags&post=766"}],"curies":[{"name":"wp","href":"https:\/\/api.w.org\/{rel}","templated":true}]}}