{"id":937,"date":"2015-07-03T21:33:53","date_gmt":"2015-07-03T19:33:53","guid":{"rendered":"http:\/\/biosain.at\/?page_id=937"},"modified":"2020-03-10T17:31:57","modified_gmt":"2020-03-10T16:31:57","slug":"erdaepfel-heurige","status":"publish","type":"page","link":"https:\/\/biosain.at\/?page_id=937","title":{"rendered":"Erd\u00e4pfel"},"content":{"rendered":"<p>Kartoffeln stellen im europ\u00e4ischen Raum schon lange ein Hauptnahrungsmittel im- ihre Geschichte ist wohl bekannt&#8230;<\/p>\n<p>Sie z\u00e4hlen zu den Nachtschattengew\u00e4chsen- wie auch die Tomaten- es gibt Sorten der beiden die diesen selben Familienbezug ersichtlich machen und z.B. sich die Bl\u00e4tter zum verwechseln \u00e4hnlich sehen- es gibt eine unglaubliche Sortenvielfallt und es ist all zu schade, dass sie meist auf mehlige und festkochende reduziert werden- weil es sowohl unglaubliche geschmackliche, farbliche Unterschiede gibt- ebenso ihre Formen und die Konsistenzunterschiede gehen weit \u00fcber diese beiden Charakteristiken hinaus. Auf unsere Sortenrartit\u00e4ten m\u00fcssen wir allerdings leider noch ein bisschen warten.<\/p>\n","protected":false},"excerpt":{"rendered":"<p>Kartoffeln stellen im europ\u00e4ischen Raum schon lange ein Hauptnahrungsmittel im- ihre Geschichte ist wohl bekannt&#8230; Sie z\u00e4hlen zu den Nachtschattengew\u00e4chsen- wie auch die Tomaten- es gibt Sorten der beiden die diesen selben Familienbezug ersichtlich machen und z.B. sich die Bl\u00e4tter zum verwechseln \u00e4hnlich sehen- es gibt eine unglaubliche Sortenvielfallt und es ist all zu schade,&nbsp; <a class=\"moretag\" href=\"https:\/\/biosain.at\/?page_id=937\"> mehr lesen&#8230;<\/a><\/p>\n","protected":false},"author":3,"featured_media":1453,"parent":107,"menu_order":99,"comment_status":"closed","ping_status":"closed","template":"","meta":{"footnotes":"","_links_to":"","_links_to_target":""},"categories":[3,17],"tags":[],"class_list":["post-937","page","type-page","status-publish","has-post-thumbnail","hentry","category-aktuelles-gemuese","category-fruehling"],"_links":{"self":[{"href":"https:\/\/biosain.at\/index.php?rest_route=\/wp\/v2\/pages\/937","targetHints":{"allow":["GET"]}}],"collection":[{"href":"https:\/\/biosain.at\/index.php?rest_route=\/wp\/v2\/pages"}],"about":[{"href":"https:\/\/biosain.at\/index.php?rest_route=\/wp\/v2\/types\/page"}],"author":[{"embeddable":true,"href":"https:\/\/biosain.at\/index.php?rest_route=\/wp\/v2\/users\/3"}],"replies":[{"embeddable":true,"href":"https:\/\/biosain.at\/index.php?rest_route=%2Fwp%2Fv2%2Fcomments&post=937"}],"version-history":[{"count":3,"href":"https:\/\/biosain.at\/index.php?rest_route=\/wp\/v2\/pages\/937\/revisions"}],"predecessor-version":[{"id":1014,"href":"https:\/\/biosain.at\/index.php?rest_route=\/wp\/v2\/pages\/937\/revisions\/1014"}],"up":[{"embeddable":true,"href":"https:\/\/biosain.at\/index.php?rest_route=\/wp\/v2\/pages\/107"}],"wp:featuredmedia":[{"embeddable":true,"href":"https:\/\/biosain.at\/index.php?rest_route=\/wp\/v2\/media\/1453"}],"wp:attachment":[{"href":"https:\/\/biosain.at\/index.php?rest_route=%2Fwp%2Fv2%2Fmedia&parent=937"}],"wp:term":[{"taxonomy":"category","embeddable":true,"href":"https:\/\/biosain.at\/index.php?rest_route=%2Fwp%2Fv2%2Fcategories&post=937"},{"taxonomy":"post_tag","embeddable":true,"href":"https:\/\/biosain.at\/index.php?rest_route=%2Fwp%2Fv2%2Ftags&post=937"}],"curies":[{"name":"wp","href":"https:\/\/api.w.org\/{rel}","templated":true}]}}