{"id":988,"date":"2015-07-17T14:54:56","date_gmt":"2015-07-17T12:54:56","guid":{"rendered":"http:\/\/biosain.at\/?page_id=988"},"modified":"2020-03-10T17:32:42","modified_gmt":"2020-03-10T16:32:42","slug":"karotten","status":"publish","type":"page","link":"https:\/\/biosain.at\/?page_id=988","title":{"rendered":"Karotten"},"content":{"rendered":"<p>Haben ihren Ursprung in Europa, Vorder und Zentralasien. Ihre alten und unkultivierten Arten scheinen haupts\u00e4chlich violett gewesen zu sein. Die heute verbreitete l\u00e4ngliche orangene Karotte fand ab dem 17 Jht durch holl\u00e4ndische Z\u00fcchtung ihre Verbreitung. Karotten geh\u00f6ren zu den Kulturen, bei denen sich nicht nicht nur die Sortenwahl sondern auch der Standort und die Wachstumbedingungen wesentlich im Geschmack \u00e4u\u00dfern. Bei Hybridkarotten haben diese Aspekte weniger Einfluss, das bedeuted dass, diese wesentlich einheitlicher in Form und Geschmack sind.<\/p>\n","protected":false},"excerpt":{"rendered":"<p>Haben ihren Ursprung in Europa, Vorder und Zentralasien. Ihre alten und unkultivierten Arten scheinen haupts\u00e4chlich violett gewesen zu sein. Die heute verbreitete l\u00e4ngliche orangene Karotte fand ab dem 17 Jht durch holl\u00e4ndische Z\u00fcchtung ihre Verbreitung. Karotten geh\u00f6ren zu den Kulturen, bei denen sich nicht nicht nur die Sortenwahl sondern auch der Standort und die Wachstumbedingungen&nbsp; <a class=\"moretag\" href=\"https:\/\/biosain.at\/?page_id=988\"> mehr lesen&#8230;<\/a><\/p>\n","protected":false},"author":3,"featured_media":513,"parent":1837,"menu_order":36,"comment_status":"closed","ping_status":"closed","template":"","meta":{"footnotes":"","_links_to":"","_links_to_target":""},"categories":[3,18],"tags":[],"class_list":["post-988","page","type-page","status-publish","has-post-thumbnail","hentry","category-aktuelles-gemuese","category-herbst"],"_links":{"self":[{"href":"https:\/\/biosain.at\/index.php?rest_route=\/wp\/v2\/pages\/988","targetHints":{"allow":["GET"]}}],"collection":[{"href":"https:\/\/biosain.at\/index.php?rest_route=\/wp\/v2\/pages"}],"about":[{"href":"https:\/\/biosain.at\/index.php?rest_route=\/wp\/v2\/types\/page"}],"author":[{"embeddable":true,"href":"https:\/\/biosain.at\/index.php?rest_route=\/wp\/v2\/users\/3"}],"replies":[{"embeddable":true,"href":"https:\/\/biosain.at\/index.php?rest_route=%2Fwp%2Fv2%2Fcomments&post=988"}],"version-history":[{"count":2,"href":"https:\/\/biosain.at\/index.php?rest_route=\/wp\/v2\/pages\/988\/revisions"}],"predecessor-version":[{"id":1021,"href":"https:\/\/biosain.at\/index.php?rest_route=\/wp\/v2\/pages\/988\/revisions\/1021"}],"up":[{"embeddable":true,"href":"https:\/\/biosain.at\/index.php?rest_route=\/wp\/v2\/pages\/1837"}],"wp:featuredmedia":[{"embeddable":true,"href":"https:\/\/biosain.at\/index.php?rest_route=\/wp\/v2\/media\/513"}],"wp:attachment":[{"href":"https:\/\/biosain.at\/index.php?rest_route=%2Fwp%2Fv2%2Fmedia&parent=988"}],"wp:term":[{"taxonomy":"category","embeddable":true,"href":"https:\/\/biosain.at\/index.php?rest_route=%2Fwp%2Fv2%2Fcategories&post=988"},{"taxonomy":"post_tag","embeddable":true,"href":"https:\/\/biosain.at\/index.php?rest_route=%2Fwp%2Fv2%2Ftags&post=988"}],"curies":[{"name":"wp","href":"https:\/\/api.w.org\/{rel}","templated":true}]}}